{"id":34,"date":"2016-05-02T10:13:48","date_gmt":"2016-05-02T10:13:48","guid":{"rendered":"http:\/\/www.masterlevel.de\/?page_id=34"},"modified":"2025-12-17T11:48:42","modified_gmt":"2025-12-17T11:48:42","slug":"referenzen-als-programmierer","status":"publish","type":"page","link":"https:\/\/www.masterlevel.de\/blog\/referenzen-als-programmierer\/","title":{"rendered":"Referenzen als Programmierer"},"content":{"rendered":"<p><strong>Auszug aus \u00fcber 500 Projekten, seit 1998:<\/strong><\/p>\n<p>&#8211;\u00a0<strong>Onlineshops:\u00a0<\/strong><a href=\"https:\/\/www.wassertest-online.de\/\" target=\"_blank\" rel=\"noopener noreferrer\">WASSERTEST\u00a0ONLINE<\/a>, <a href=\"https:\/\/www.global-tickets.com\/\" target=\"_blank\" rel=\"noopener noreferrer\">GLOBAL TICKETS<\/a>, <a href=\"https:\/\/www.wollstudio.com\" target=\"_blank\" rel=\"noopener noreferrer\">WOLLSTUDIO<\/a>, <a href=\"http:\/\/www.wohnbedarf-pies.de\" target=\"_blank\" rel=\"noopener noreferrer\">WOHNBEDARF\u00a0PIES<\/a>, <a href=\"http:\/\/shop.germaica.net\/\" target=\"_blank\" rel=\"noopener noreferrer\">GERMAICA.NET<\/a>, <a title=\"with full force\" href=\"http:\/\/shop.withfullforce.de\/\" target=\"_blank\" rel=\"noopener noreferrer\">WITH\u00a0FULL\u00a0FORCE<\/a>, <a href=\"http:\/\/www.peppetto.de\" target=\"_blank\" rel=\"noopener noreferrer\">PEPPETTO.DE<\/a>, <a href=\"http:\/\/www.comiccombo.de\/\" target=\"_blank\" rel=\"noopener noreferrer\">COMICCOMBO<\/a>, <a href=\"http:\/\/www.dat-babyhus.de\" target=\"_blank\" rel=\"noopener noreferrer\">DAT\u00a0BABYHUS<\/a>, <a href=\"http:\/\/www.calego.de\/\">CALEGO<\/a>, <a href=\"http:\/\/www.flensburger-punktestand.de\/\" target=\"_blank\" rel=\"noopener noreferrer\">FLENSBURGER-PUNKTESTAND<\/a>, <a href=\"http:\/\/www.la-schiller.de\" target=\"_blank\" rel=\"noopener noreferrer\">LA SCHILLER<\/a>, u.a.<br \/>\nIch programmiere\u00a0Erweiterungen\/Module jeder Art, Daten Import, Abgleich mit jeglichen WAWI&#8217;s f\u00fcr GAMBIO, modified, zen-cart, commerce:SEO, \u00a0xtc 3.04\u00a0und alle anderen Shopsystemen auf XT:Commerce-Basis (&#8222;Forks&#8220;), JTL 3+4, uva.<\/p>\n<p>&#8211; <strong>Das masterLevel-CMS<em><br \/>\n<\/em><\/strong>der Spezialist f\u00fcr anspruchsvolle Anwendungen. Mit diesem, seit 2001 von mir \u00a0anf\u00e4nglich f\u00fcr Bands, Labels und Agenturen programmierten Framework, kann ich jeden Ihrer W\u00fcnsche umsetzen. Es ist von der Webseite bis zur Community oder Portale, wirklich<em> alles<\/em> m\u00f6glich. Beispiele: <a href=\"https:\/\/www.inmove.de\" target=\"_blank\" rel=\"noopener noreferrer\">IN MOVE GMBH<\/a>, <a href=\"https:\/\/www.darkstorm-festival.de\/\" target=\"_blank\" rel=\"noopener noreferrer\">DARKSTORM &#8211; FESTIVAL<\/a>, <a href=\"https:\/\/www.rummelsnuff.com\" target=\"_blank\" rel=\"noopener noreferrer\">RUMMELSNUFF<\/a>, <a href=\"https:\/\/www.the-sonic-boom-foundation.de\/\" target=\"_blank\" rel=\"noopener noreferrer\">THE SONIC BOOM FOUNDATION\u00a0<\/a><\/p>\n<p>Viele Jahre bew\u00e4hrt bei: 2000 &#8211; 2019: <a href=\"https:\/\/www.bademeister.com\" target=\"_blank\" rel=\"noopener noreferrer\">DIE \u00c4RZTE<\/a><br \/>\n200? &#8211; 2016: <a href=\"https:\/\/www.bademeister.tv\" target=\"_blank\" rel=\"noopener noreferrer\">bademeister.tv<\/a><br \/>\n2010 &#8211; 2015: <a href=\"https:\/\/www.futube.de\/\" target=\"_blank\" rel=\"noopener noreferrer\">FARIN URLAUB &#8211; FUTUBE<\/a><br \/>\n2006 &#8211; 2019: <a href=\"https:\/\/www.cp-gruppe.com\" target=\"_blank\" rel=\"noopener noreferrer\">LAUER &amp; KOY<\/a><br \/>\n<a href=\"https:\/\/www.aquainduct.de\/\" target=\"_blank\" rel=\"noopener noreferrer\">AQUAINDUCT<\/a><br \/>\n<a href=\"https:\/\/www.kontraproduktiv.org\/\" target=\"_blank\" rel=\"noopener noreferrer\">KONTRAPRODUKTIV<\/a>(<em>Eventmanagement<\/em>)<br \/>\n<a href=\"https:\/\/www.musikanwaeltin.de\" target=\"_blank\" rel=\"noopener noreferrer\">RA STENZEL<\/a>(<em>Rechtsanw\u00e4ltin<\/em>)<br \/>\n<a href=\"https:\/\/www.kleefass-art.de\" target=\"_blank\" rel=\"noopener noreferrer\">Georg Kleefass<\/a>(<em>K\u00fcnstler<\/em>)<br \/>\n<a href=\"https:\/\/www.schmidtshot.de\/\" target=\"_blank\" rel=\"noopener noreferrer\">Stefan Schmidt<\/a>(<em>Fotograf<\/em>)<br \/>\n<a href=\"https:\/\/lesewitz.de\/\" target=\"_blank\" rel=\"noopener noreferrer\">H. LESEWITZ<\/a>(<em>Journalist<\/em>)<br \/>\nAgentur INMOVE, book&#8217;n&#8217;roll, brockdorff klanglabor, colbinger, kleefass-art, lesewitz.de (Grafik), schmidtshot.de, seofonia, sportwagenwerk, velocitysounds.de, volkshaus Gastronomie u.v.m.<\/p>\n<p>&#8211;\u00a0<strong>Webseiten auf Basis von WordPress<br \/>\n<\/strong>Das Content Management System &#8222;WordPress&#8220; erfreut sich seit Jahren steigender Beliebtheit. Zu Recht, den gerade f\u00fcr Einsteiger ist es kinderleicht Seiten und Artikel zu verfassen und zu pflegen. Ich programmiere Ihre Templates (&#8222;Themes&#8220;) nach Ihren Vorlagen von Grund auf neu oder ver\u00e4ndere von Standard-Templates nach Ihren W\u00fcnschen. Erstellen von Plug Ins mit eigenen Funktionalit\u00e4ten? Kein Problem. Beispiele: <a href=\"http:\/\/www.bausteine-ankauf.de\/\" target=\"_blank\" rel=\"noopener noreferrer\">bausteine-ankauf.de<\/a>, <a href=\"http:\/\/www.pop-noggins-deutschland.de\/\">Pop Noggins-Firmenfeier-Ideen<\/a><strong>, \u00a0<\/strong> <a href=\"http:\/\/www.seelenfresser.com\/\" target=\"_blank\" rel=\"noopener noreferrer\">Seelenfresser<\/a><strong>, \u00a0<\/strong><a href=\"http:\/\/www.carolinfischer.net\/\" target=\"_blank\" rel=\"noopener noreferrer\">Carolin Fischer<\/a>, \u00a0<a href=\"http:\/\/www.velocitysounds.de\/blog\/\" target=\"_blank\" rel=\"noopener noreferrer\">VelocitySounds Rec.<\/a>, u.v.m.<strong><br \/>\n<\/strong><\/p>\n<p>&#8211; <strong>Weitere Arbeiten<br \/>\n<\/strong>Da ich seit \u00fcber 20 Jahren Webworker und Programmierer\u00a0bin, sind nat\u00fcrlich so manche Projekte wieder offline, trotzdem darf ein bisschen &#8222;<em>Namedropping&#8220;<\/em> nicht fehlen:\u00a0\u00a0Slayer &#8222;God Hates Us All&#8220;, UNIVERSAL\/motor music &#8222;MOTROPOLIS&#8220;, Autotag, Adidas, Husqvarna, Sebastian Krumbiegel, \u00a0Tayler, Mareike Fell, Tim Sander, Susann H\u00f6cke, u.v.a. wie z.B. \u00fcber\u00a050 Film-Webseiten f\u00fcr die Kinowelt Television GmbH\u00a0(u.a. f\u00fcr die Filme\u00a0<a href=\"http:\/\/www.masterlevel.de\/sawgame\/\" target=\"_blank\" rel=\"noopener noreferrer\">SAW<\/a>\u00a01 &#8211; SAW 4, \u00a0<a href=\"http:\/\/www.deutschlandeinsommermaerchen.kinowelt.de\/\" target=\"_blank\" rel=\"noopener noreferrer\">Deutschland ein Sommerm\u00e4rchen<\/a>, \u00a0Sturz ins Leere, u.v.m)<\/p>\n<p><strong>&#8211; Tools, Mini-Seiten, E-Cards, Flash-Projektoren (Auszug), Flash-Banner, CDR Parts, &#8230;<br \/>\n<\/strong>u.a.f. \u00a0<strong><a href=\"http:\/\/masterlevel.de\/_test\/zdf\/\" target=\"_blank\" rel=\"noopener noreferrer\">ZDF<\/a><\/strong> und <strong><a href=\"http:\/\/www.mdr.de\/berufsausbildung\/index.html\" target=\"_blank\" rel=\"noopener noreferrer\">MDR<\/a><\/strong>, \u00a0Rammstein DVD &#8222;Lichtspielhaus&#8220; &#8211; E-Cards, \u00a0 Die \u00c4rzte, Slayer, Farin Urlaub, Bela B., Universal, Kinowelt, &#8230;<\/p>\n<p><strong>&#8211; Games <\/strong>u.a. f\u00fcr Kinowelt, Die \u00c4rzte, <a href=\"http:\/\/www.masterlevel.de\/sawgame\/\" target=\"_blank\" rel=\"noopener noreferrer\">SAW &#8211; the game<\/a> (name: joey \/ passwort: 1q2w3e)\u00a0 u.a.<\/p>\n<p><strong>&#8211; Flash-Animationen\/Videoschnitt\/Sound-FX\/Vertonungen<\/strong><\/p>\n<p><a href=\"https:\/\/www.youtube.com\/watch?v=p4WWCR1klIo\" target=\"_blank\" rel=\"noopener noreferrer\"><strong>Hagebau<\/strong> &#8211; Gefkomm<\/a>\u00a0&#8211; <em>Sound-FX \/ Musik<br \/>\n<\/em><a href=\"http:\/\/www.youtube.com\/watch?v=bzm5g5jkGUU\" target=\"_blank\" rel=\"noopener noreferrer\"><strong>Killerbarbies feat. Bela B<\/strong> &#8222;Candy&#8220; <\/a>(Musikvideo, Drakkar) &#8211; <em>Flash-Animation<br \/>\n<\/em><a href=\"https:\/\/www.youtube.com\/watch?v=HgjJZiNO8Ko\" target=\"_blank\" rel=\"noopener noreferrer\"><strong>Die \u00c4rzte<\/strong>\u00a0 &#8222;Monsterparty&#8220;<\/a> (Musikvideo, Hot Action Records)-\u00a0<em>Flash-Animation<br \/>\n<\/em><a href=\"http:\/\/www.youtube.com\/watch?v=P1jIkON8HFo\" target=\"_blank\" rel=\"noopener noreferrer\"><strong>SIDO<\/strong> &#8222;Spring rauf&#8220;<\/a><em> (Musikvideo, 2012) <em>Sound-FX<\/em><br \/>\n<\/em><strong>Max &amp; Moritz Reloaded<\/strong>&#8220; (Titlescreens &amp; Inserts, Kinowelt)-\u00a0<em>Flash-Animation<br \/>\n<\/em><a href=\"http:\/\/www.youtube.com\/watch?v=o1yZEvhyOyI\" target=\"_blank\" rel=\"noopener noreferrer\"><strong>Tolga f. D-Flame<\/strong> &#8222;Highssgeliebtes Grass&#8220; <\/a>(Warner Music)-\u00a0<em>Flash-Animation<br \/>\n<\/em><strong>Mohnblau<\/strong> &#8211; &#8222;Wars das schon&#8220; (Musikvideo)-\u00a0<em>Flash-Animation<br \/>\n<\/em><strong>Kevin &#8211; Integration eines Mythos<\/strong>\u00a0(Spielfilm)\u00a0&#8211; <em>Add.\u00a0Flash-Animation<br \/>\n<\/em><strong>Farin Urlaub<\/strong> (Making Of) <em>&#8211; Schnitt<\/em><\/p>\n","protected":false},"excerpt":{"rendered":"<p>Auszug aus \u00fcber 500 Projekten, seit 1998: &#8211;\u00a0Onlineshops:\u00a0WASSERTEST\u00a0ONLINE, GLOBAL TICKETS, WOLLSTUDIO, WOHNBEDARF\u00a0PIES, GERMAICA.NET, WITH\u00a0FULL\u00a0FORCE, PEPPETTO.DE, COMICCOMBO, DAT\u00a0BABYHUS, CALEGO, FLENSBURGER-PUNKTESTAND, LA SCHILLER, u.a. Ich programmiere\u00a0Erweiterungen\/Module jeder Art, Daten Import, Abgleich mit jeglichen WAWI&#8217;s f\u00fcr GAMBIO, modified, zen-cart, commerce:SEO, \u00a0xtc 3.04\u00a0und alle anderen Shopsystemen auf XT:Commerce-Basis (&#8222;Forks&#8220;), JTL 3+4, uva. &#8211; Das masterLevel-CMS der Spezialist f\u00fcr anspruchsvolle &hellip;<\/p>\n<p class=\"read-more\"><a href=\"https:\/\/www.masterlevel.de\/blog\/referenzen-als-programmierer\/\">Read more &raquo;<\/a><\/p>\n","protected":false},"author":1,"featured_media":0,"parent":0,"menu_order":2,"comment_status":"open","ping_status":"open","template":"","meta":{"footnotes":""},"class_list":["post-34","page","type-page","status-publish","hentry"],"yoast_head":"<!-- This site is optimized with the Yoast SEO plugin v27.5 - https:\/\/yoast.com\/product\/yoast-seo-wordpress\/ -->\n<title>Referenzen - J.Adler - Programmierer - Leipzig: PHP\/mySQL\/...<\/title>\n<meta name=\"description\" content=\"Informieren Sie sich hier \u00fcber meine Arbeiten als Programmierer: eine kleine Auswahl aus \u00fcber 500 Projekten...\" \/>\n<meta name=\"robots\" content=\"index, follow, max-snippet:-1, max-image-preview:large, max-video-preview:-1\" \/>\n<link rel=\"canonical\" href=\"https:\/\/www.masterlevel.de\/blog\/referenzen-als-programmierer\/\" \/>\n<meta name=\"twitter:label1\" content=\"Gesch\u00e4tzte Lesezeit\" \/>\n\t<meta name=\"twitter:data1\" content=\"3\u00a0Minuten\" \/>\n<script type=\"application\/ld+json\" class=\"yoast-schema-graph\">{\"@context\":\"https:\\\/\\\/schema.org\",\"@graph\":[{\"@type\":\"WebPage\",\"@id\":\"https:\\\/\\\/www.masterlevel.de\\\/blog\\\/referenzen-als-programmierer\\\/\",\"url\":\"https:\\\/\\\/www.masterlevel.de\\\/blog\\\/referenzen-als-programmierer\\\/\",\"name\":\"Referenzen - J.Adler - Programmierer - Leipzig: PHP\\\/mySQL\\\/...\",\"isPartOf\":{\"@id\":\"https:\\\/\\\/www.masterlevel.de\\\/blog\\\/#website\"},\"datePublished\":\"2016-05-02T10:13:48+00:00\",\"dateModified\":\"2025-12-17T11:48:42+00:00\",\"description\":\"Informieren Sie sich hier \u00fcber meine Arbeiten als Programmierer: eine kleine Auswahl aus \u00fcber 500 Projekten...\",\"inLanguage\":\"de\",\"potentialAction\":[{\"@type\":\"ReadAction\",\"target\":[\"https:\\\/\\\/www.masterlevel.de\\\/blog\\\/referenzen-als-programmierer\\\/\"]}]},{\"@type\":\"WebSite\",\"@id\":\"https:\\\/\\\/www.masterlevel.de\\\/blog\\\/#website\",\"url\":\"https:\\\/\\\/www.masterlevel.de\\\/blog\\\/\",\"name\":\"masterlevel\",\"description\":\"Manche Sachen vergi\u00dft man, weil man sie nicht oft braucht - deshalb stehen sie hier...\",\"potentialAction\":[{\"@type\":\"SearchAction\",\"target\":{\"@type\":\"EntryPoint\",\"urlTemplate\":\"https:\\\/\\\/www.masterlevel.de\\\/blog\\\/?s={search_term_string}\"},\"query-input\":{\"@type\":\"PropertyValueSpecification\",\"valueRequired\":true,\"valueName\":\"search_term_string\"}}],\"inLanguage\":\"de\"}]}<\/script>\n<!-- \/ Yoast SEO plugin. -->","yoast_head_json":{"title":"Referenzen - J.Adler - Programmierer - Leipzig: PHP\/mySQL\/...","description":"Informieren Sie sich hier \u00fcber meine Arbeiten als Programmierer: eine kleine Auswahl aus \u00fcber 500 Projekten...","robots":{"index":"index","follow":"follow","max-snippet":"max-snippet:-1","max-image-preview":"max-image-preview:large","max-video-preview":"max-video-preview:-1"},"canonical":"https:\/\/www.masterlevel.de\/blog\/referenzen-als-programmierer\/","twitter_misc":{"Gesch\u00e4tzte Lesezeit":"3\u00a0Minuten"},"schema":{"@context":"https:\/\/schema.org","@graph":[{"@type":"WebPage","@id":"https:\/\/www.masterlevel.de\/blog\/referenzen-als-programmierer\/","url":"https:\/\/www.masterlevel.de\/blog\/referenzen-als-programmierer\/","name":"Referenzen - J.Adler - Programmierer - Leipzig: PHP\/mySQL\/...","isPartOf":{"@id":"https:\/\/www.masterlevel.de\/blog\/#website"},"datePublished":"2016-05-02T10:13:48+00:00","dateModified":"2025-12-17T11:48:42+00:00","description":"Informieren Sie sich hier \u00fcber meine Arbeiten als Programmierer: eine kleine Auswahl aus \u00fcber 500 Projekten...","inLanguage":"de","potentialAction":[{"@type":"ReadAction","target":["https:\/\/www.masterlevel.de\/blog\/referenzen-als-programmierer\/"]}]},{"@type":"WebSite","@id":"https:\/\/www.masterlevel.de\/blog\/#website","url":"https:\/\/www.masterlevel.de\/blog\/","name":"masterlevel","description":"Manche Sachen vergi\u00dft man, weil man sie nicht oft braucht - deshalb stehen sie hier...","potentialAction":[{"@type":"SearchAction","target":{"@type":"EntryPoint","urlTemplate":"https:\/\/www.masterlevel.de\/blog\/?s={search_term_string}"},"query-input":{"@type":"PropertyValueSpecification","valueRequired":true,"valueName":"search_term_string"}}],"inLanguage":"de"}]}},"_links":{"self":[{"href":"https:\/\/www.masterlevel.de\/blog\/wp-json\/wp\/v2\/pages\/34","targetHints":{"allow":["GET"]}}],"collection":[{"href":"https:\/\/www.masterlevel.de\/blog\/wp-json\/wp\/v2\/pages"}],"about":[{"href":"https:\/\/www.masterlevel.de\/blog\/wp-json\/wp\/v2\/types\/page"}],"author":[{"embeddable":true,"href":"https:\/\/www.masterlevel.de\/blog\/wp-json\/wp\/v2\/users\/1"}],"replies":[{"embeddable":true,"href":"https:\/\/www.masterlevel.de\/blog\/wp-json\/wp\/v2\/comments?post=34"}],"version-history":[{"count":81,"href":"https:\/\/www.masterlevel.de\/blog\/wp-json\/wp\/v2\/pages\/34\/revisions"}],"predecessor-version":[{"id":1162,"href":"https:\/\/www.masterlevel.de\/blog\/wp-json\/wp\/v2\/pages\/34\/revisions\/1162"}],"wp:attachment":[{"href":"https:\/\/www.masterlevel.de\/blog\/wp-json\/wp\/v2\/media?parent=34"}],"curies":[{"name":"wp","href":"https:\/\/api.w.org\/{rel}","templated":true}]}}