{"id":2,"date":"2010-01-29T11:27:13","date_gmt":"2010-01-29T11:27:13","guid":{"rendered":"http:\/\/www.masterlevel.de\/blog\/?page_id=2"},"modified":"2022-03-18T06:41:46","modified_gmt":"2022-03-18T06:41:46","slug":"php-programmierer-in-leipzig","status":"publish","type":"page","link":"https:\/\/www.masterlevel.de\/blog\/php-programmierer-in-leipzig\/","title":{"rendered":"Portfolio"},"content":{"rendered":"<p>Meine ersten Gehversuche fanden 1990 mit BASIC auf einem Commodore C64, kurze Zeit sp\u00e4ter auf einem AMIGA 500 mit der Sprache AMOS basic statt. Seit 1996 online, bin ich ab 1998 als selbst\u00e4ndiger Programmierer in Leipzig in Sachen Internet und Web t\u00e4tig.<\/p>\n<p><strong>Skills &#8211; Basics<em><br \/>\n<\/em><\/strong><\/p>\n<p>PHP, MYSQL, \u00a0HTML5, CSS3, Javascript\/jQuery, AJAX, Smarty, XML<\/p>\n<p><strong>Skills &#8211; Online Shop<\/strong><\/p>\n<p>&#8211; Installation und Modifikationen, Module jeder Art f\u00fcr xt-modified \/ osCommerce \/ Zen Cart \/ GAMBIO \/ modified \/ xt-commerce \/ hgg multistore und ander xt:commerce-varianten (&#8222;forks&#8220;)<\/p>\n<p>&#8211; Template-Umsetzung in sauberem, validem CSS\/HTML (ohne Tabellen) nach ihren Vorlagen, nat\u00fcrlich auch responsiv, wenn die Vorlage es zul\u00e4sst<\/p>\n<p>&#8211; schneller Umstieg ihres Shops auf PHP8, PHP7.x und SMARTY 3 &#8211; garantierter Performance-Boost<\/p>\n<p>&#8211; einrichten eines CDN wie cloudflare o.\u00e4. sofortiger, messbarer\u00a0Performance garantiert<\/p>\n<p>&#8211; Google Pagespeed PSI\u00a0 Analyse ihres Shops. Wir k\u00f6nnen in der Regel Werte ab 90 (auch mobil) garantieren (Desktop 95 &#8211; 100), nutzen hierzu auch eigens entwickelte Tools, welche immer die aktuellste PSI &#8211; Version abfragen. Zur Zeit ist Version 6.5 aktuell. Viele Tools fragen noch V2 oder 3 ab.<\/p>\n<p>&#8211; bei bestehendem\u00a0Online-Shop Analysen nach technischen und SEO-Gesichtspunkten (inkl. Keyword-Analyse, Mitbewerber-Check, Usability-checks, &#8230;)<\/p>\n<p><strong>Skills &#8211; Musiker<\/strong><\/p>\n<p>Cubase seit 1991, Komposition, Produktion, \u00a0Sound-FX, Mixing, Remixe, Vertonungen, Jingles, &#8230;<\/p>\n<p><strong>Skills &#8211; wenn&#8217;s sein muss<\/strong><\/p>\n<p>&#8211; Bearbeitung von Material f\u00fcr Visitenkarten, Flyer, Brosch\u00fcren bis zum fertigen Produkt<br \/>\n&#8211; Videoschnitt inkl. einfacher AfterEffects-Postproduction (Objekt- und Text-Animation, Keying, Colouring)<br \/>\n&#8211; DVD-Erstellung inkl. animierter DVD-Men\u00fcs<\/p>\n","protected":false},"excerpt":{"rendered":"<p>Meine ersten Gehversuche fanden 1990 mit BASIC auf einem Commodore C64, kurze Zeit sp\u00e4ter auf einem AMIGA 500 mit der Sprache AMOS basic statt. Seit 1996 online, bin ich ab 1998 als selbst\u00e4ndiger Programmierer in Leipzig in Sachen Internet und Web t\u00e4tig. Skills &#8211; Basics PHP, MYSQL, \u00a0HTML5, CSS3, Javascript\/jQuery, AJAX, Smarty, XML Skills &#8211; &hellip;<\/p>\n<p class=\"read-more\"><a href=\"https:\/\/www.masterlevel.de\/blog\/php-programmierer-in-leipzig\/\">Read more &raquo;<\/a><\/p>\n","protected":false},"author":1,"featured_media":0,"parent":0,"menu_order":1,"comment_status":"open","ping_status":"open","template":"","meta":{"footnotes":""},"class_list":["post-2","page","type-page","status-publish","hentry"],"yoast_head":"<!-- This site is optimized with the Yoast SEO plugin v27.5 - https:\/\/yoast.com\/product\/yoast-seo-wordpress\/ -->\n<title>Portfolio - J.Adler - Programmierer PHP \/ MYSQL \/ HTML5, CSS3<\/title>\n<meta name=\"description\" content=\"Zuverl\u00e4ssig seit 1998 f\u00fcr namhafte Kunden\/Agenturen t\u00e4tig, habe ich weit \u00fcber 400 Projekte erfolgreich umgesetzt, kontaktieren Sie mich einfach!\" \/>\n<meta name=\"robots\" content=\"index, follow, max-snippet:-1, max-image-preview:large, max-video-preview:-1\" \/>\n<link rel=\"canonical\" href=\"https:\/\/www.masterlevel.de\/blog\/php-programmierer-in-leipzig\/\" \/>\n<meta name=\"twitter:label1\" content=\"Gesch\u00e4tzte Lesezeit\" \/>\n\t<meta name=\"twitter:data1\" content=\"2\u00a0Minuten\" \/>\n<script type=\"application\/ld+json\" class=\"yoast-schema-graph\">{\"@context\":\"https:\\\/\\\/schema.org\",\"@graph\":[{\"@type\":\"WebPage\",\"@id\":\"https:\\\/\\\/www.masterlevel.de\\\/blog\\\/php-programmierer-in-leipzig\\\/\",\"url\":\"https:\\\/\\\/www.masterlevel.de\\\/blog\\\/php-programmierer-in-leipzig\\\/\",\"name\":\"Portfolio - J.Adler - Programmierer PHP \\\/ MYSQL \\\/ HTML5, CSS3\",\"isPartOf\":{\"@id\":\"https:\\\/\\\/www.masterlevel.de\\\/blog\\\/#website\"},\"datePublished\":\"2010-01-29T11:27:13+00:00\",\"dateModified\":\"2022-03-18T06:41:46+00:00\",\"description\":\"Zuverl\u00e4ssig seit 1998 f\u00fcr namhafte Kunden\\\/Agenturen t\u00e4tig, habe ich weit \u00fcber 400 Projekte erfolgreich umgesetzt, kontaktieren Sie mich einfach!\",\"inLanguage\":\"de\",\"potentialAction\":[{\"@type\":\"ReadAction\",\"target\":[\"https:\\\/\\\/www.masterlevel.de\\\/blog\\\/php-programmierer-in-leipzig\\\/\"]}]},{\"@type\":\"WebSite\",\"@id\":\"https:\\\/\\\/www.masterlevel.de\\\/blog\\\/#website\",\"url\":\"https:\\\/\\\/www.masterlevel.de\\\/blog\\\/\",\"name\":\"masterlevel\",\"description\":\"Manche Sachen vergi\u00dft man, weil man sie nicht oft braucht - deshalb stehen sie hier...\",\"potentialAction\":[{\"@type\":\"SearchAction\",\"target\":{\"@type\":\"EntryPoint\",\"urlTemplate\":\"https:\\\/\\\/www.masterlevel.de\\\/blog\\\/?s={search_term_string}\"},\"query-input\":{\"@type\":\"PropertyValueSpecification\",\"valueRequired\":true,\"valueName\":\"search_term_string\"}}],\"inLanguage\":\"de\"}]}<\/script>\n<!-- \/ Yoast SEO plugin. -->","yoast_head_json":{"title":"Portfolio - J.Adler - Programmierer PHP \/ MYSQL \/ HTML5, CSS3","description":"Zuverl\u00e4ssig seit 1998 f\u00fcr namhafte Kunden\/Agenturen t\u00e4tig, habe ich weit \u00fcber 400 Projekte erfolgreich umgesetzt, kontaktieren Sie mich einfach!","robots":{"index":"index","follow":"follow","max-snippet":"max-snippet:-1","max-image-preview":"max-image-preview:large","max-video-preview":"max-video-preview:-1"},"canonical":"https:\/\/www.masterlevel.de\/blog\/php-programmierer-in-leipzig\/","twitter_misc":{"Gesch\u00e4tzte Lesezeit":"2\u00a0Minuten"},"schema":{"@context":"https:\/\/schema.org","@graph":[{"@type":"WebPage","@id":"https:\/\/www.masterlevel.de\/blog\/php-programmierer-in-leipzig\/","url":"https:\/\/www.masterlevel.de\/blog\/php-programmierer-in-leipzig\/","name":"Portfolio - J.Adler - Programmierer PHP \/ MYSQL \/ HTML5, CSS3","isPartOf":{"@id":"https:\/\/www.masterlevel.de\/blog\/#website"},"datePublished":"2010-01-29T11:27:13+00:00","dateModified":"2022-03-18T06:41:46+00:00","description":"Zuverl\u00e4ssig seit 1998 f\u00fcr namhafte Kunden\/Agenturen t\u00e4tig, habe ich weit \u00fcber 400 Projekte erfolgreich umgesetzt, kontaktieren Sie mich einfach!","inLanguage":"de","potentialAction":[{"@type":"ReadAction","target":["https:\/\/www.masterlevel.de\/blog\/php-programmierer-in-leipzig\/"]}]},{"@type":"WebSite","@id":"https:\/\/www.masterlevel.de\/blog\/#website","url":"https:\/\/www.masterlevel.de\/blog\/","name":"masterlevel","description":"Manche Sachen vergi\u00dft man, weil man sie nicht oft braucht - deshalb stehen sie hier...","potentialAction":[{"@type":"SearchAction","target":{"@type":"EntryPoint","urlTemplate":"https:\/\/www.masterlevel.de\/blog\/?s={search_term_string}"},"query-input":{"@type":"PropertyValueSpecification","valueRequired":true,"valueName":"search_term_string"}}],"inLanguage":"de"}]}},"_links":{"self":[{"href":"https:\/\/www.masterlevel.de\/blog\/wp-json\/wp\/v2\/pages\/2","targetHints":{"allow":["GET"]}}],"collection":[{"href":"https:\/\/www.masterlevel.de\/blog\/wp-json\/wp\/v2\/pages"}],"about":[{"href":"https:\/\/www.masterlevel.de\/blog\/wp-json\/wp\/v2\/types\/page"}],"author":[{"embeddable":true,"href":"https:\/\/www.masterlevel.de\/blog\/wp-json\/wp\/v2\/users\/1"}],"replies":[{"embeddable":true,"href":"https:\/\/www.masterlevel.de\/blog\/wp-json\/wp\/v2\/comments?post=2"}],"version-history":[{"count":34,"href":"https:\/\/www.masterlevel.de\/blog\/wp-json\/wp\/v2\/pages\/2\/revisions"}],"predecessor-version":[{"id":1125,"href":"https:\/\/www.masterlevel.de\/blog\/wp-json\/wp\/v2\/pages\/2\/revisions\/1125"}],"wp:attachment":[{"href":"https:\/\/www.masterlevel.de\/blog\/wp-json\/wp\/v2\/media?parent=2"}],"curies":[{"name":"wp","href":"https:\/\/api.w.org\/{rel}","templated":true}]}}